{"id":6900,"date":"2024-01-23T10:29:09","date_gmt":"2024-01-23T13:29:09","guid":{"rendered":"https:\/\/colegionsloreto.cl\/nsl2024\/?page_id=6900"},"modified":"2024-05-23T17:34:43","modified_gmt":"2024-05-23T20:34:43","slug":"ensenanza-media","status":"publish","type":"page","link":"https:\/\/colegionsloreto.cl\/nsl2024\/ensenanza-media\/","title":{"rendered":"Educaci\u00f3n Media"},"content":{"rendered":"\n<blockquote class=\"wp-block-quote is-layout-flow wp-block-quote-is-layout-flow\">\n<p class=\"has-text-align-center has-medium-font-size\"><em>La ense\u00f1anza media en el Colegio Nuestra Se\u00f1ora de Loreto ofrece a sus alumnos un proyecto educativo integral tanto en lo acad\u00e9mico como en lo deportivo y val\u00f3rico.<\/em><\/p>\n<\/blockquote>\n","protected":false},"excerpt":{"rendered":"<p>La ense\u00f1anza media en el Colegio Nuestra Se\u00f1ora de Loreto ofrece a sus alumnos un proyecto educativo integral tanto en [&hellip;]<\/p>\n","protected":false},"author":1,"featured_media":0,"parent":0,"menu_order":0,"comment_status":"closed","ping_status":"closed","template":"","meta":{"footnotes":""},"class_list":["post-6900","page","type-page","status-publish","hentry"],"_links":{"self":[{"href":"https:\/\/colegionsloreto.cl\/nsl2024\/wp-json\/wp\/v2\/pages\/6900","targetHints":{"allow":["GET"]}}],"collection":[{"href":"https:\/\/colegionsloreto.cl\/nsl2024\/wp-json\/wp\/v2\/pages"}],"about":[{"href":"https:\/\/colegionsloreto.cl\/nsl2024\/wp-json\/wp\/v2\/types\/page"}],"author":[{"embeddable":true,"href":"https:\/\/colegionsloreto.cl\/nsl2024\/wp-json\/wp\/v2\/users\/1"}],"replies":[{"embeddable":true,"href":"https:\/\/colegionsloreto.cl\/nsl2024\/wp-json\/wp\/v2\/comments?post=6900"}],"version-history":[{"count":5,"href":"https:\/\/colegionsloreto.cl\/nsl2024\/wp-json\/wp\/v2\/pages\/6900\/revisions"}],"predecessor-version":[{"id":8389,"href":"https:\/\/colegionsloreto.cl\/nsl2024\/wp-json\/wp\/v2\/pages\/6900\/revisions\/8389"}],"wp:attachment":[{"href":"https:\/\/colegionsloreto.cl\/nsl2024\/wp-json\/wp\/v2\/media?parent=6900"}],"curies":[{"name":"wp","href":"https:\/\/api.w.org\/{rel}","templated":true}]}}