{"id":6955,"date":"2024-01-23T13:55:44","date_gmt":"2024-01-23T16:55:44","guid":{"rendered":"https:\/\/colegionsloreto.cl\/nsl2024\/?page_id=6955"},"modified":"2025-05-12T11:22:42","modified_gmt":"2025-05-12T14:22:42","slug":"centro-de-alumnos","status":"publish","type":"page","link":"https:\/\/colegionsloreto.cl\/nsl2024\/centro-de-alumnos\/","title":{"rendered":"Centro de Alumnos"},"content":{"rendered":"\n<blockquote class=\"wp-block-quote is-layout-flow wp-block-quote-is-layout-flow\">\n<p class=\"has-text-align-center\">El Centro de Alumnos del Colegio Nuestra Se\u00f1ora de Loreto se crea con el fin de realizar actividades en beneficio de los estudiantes y como medio para desarrollar su pensamiento reflexivo, \u00a0juicio cr\u00edtico y la voluntad de acci\u00f3n, form\u00e1ndose para la vida democr\u00e1tica y ciudadana.<\/p>\n<\/blockquote>\n","protected":false},"excerpt":{"rendered":"<p>El Centro de Alumnos del Colegio Nuestra Se\u00f1ora de Loreto se crea con el fin de realizar actividades en beneficio [&hellip;]<\/p>\n","protected":false},"author":1,"featured_media":0,"parent":0,"menu_order":0,"comment_status":"closed","ping_status":"closed","template":"","meta":{"footnotes":""},"class_list":["post-6955","page","type-page","status-publish","hentry"],"_links":{"self":[{"href":"https:\/\/colegionsloreto.cl\/nsl2024\/wp-json\/wp\/v2\/pages\/6955","targetHints":{"allow":["GET"]}}],"collection":[{"href":"https:\/\/colegionsloreto.cl\/nsl2024\/wp-json\/wp\/v2\/pages"}],"about":[{"href":"https:\/\/colegionsloreto.cl\/nsl2024\/wp-json\/wp\/v2\/types\/page"}],"author":[{"embeddable":true,"href":"https:\/\/colegionsloreto.cl\/nsl2024\/wp-json\/wp\/v2\/users\/1"}],"replies":[{"embeddable":true,"href":"https:\/\/colegionsloreto.cl\/nsl2024\/wp-json\/wp\/v2\/comments?post=6955"}],"version-history":[{"count":5,"href":"https:\/\/colegionsloreto.cl\/nsl2024\/wp-json\/wp\/v2\/pages\/6955\/revisions"}],"predecessor-version":[{"id":10847,"href":"https:\/\/colegionsloreto.cl\/nsl2024\/wp-json\/wp\/v2\/pages\/6955\/revisions\/10847"}],"wp:attachment":[{"href":"https:\/\/colegionsloreto.cl\/nsl2024\/wp-json\/wp\/v2\/media?parent=6955"}],"curies":[{"name":"wp","href":"https:\/\/api.w.org\/{rel}","templated":true}]}}