{"id":8623,"date":"2024-05-30T12:45:49","date_gmt":"2024-05-30T15:45:49","guid":{"rendered":"https:\/\/colegionsloreto.cl\/nsl2024\/?page_id=8623"},"modified":"2024-05-30T12:46:19","modified_gmt":"2024-05-30T15:46:19","slug":"enfermeria","status":"publish","type":"page","link":"https:\/\/colegionsloreto.cl\/nsl2024\/enfermeria\/","title":{"rendered":"Enfermer\u00eda"},"content":{"rendered":"\n<blockquote class=\"wp-block-quote has-text-align-center is-layout-flow wp-block-quote-is-layout-flow\">\n<p>La unidad de enfermer\u00eda del Colegio Nuestra Se\u00f1ora de Loreto cuenta con personal profesional del \u00e1rea de la salud, en una sala de primeros auxilios universal, equipada con camilla e insumos b\u00e1sicos de salud y control de signos vitales.<\/p>\n<\/blockquote>\n\n\n\n<p>Brinda atenci\u00f3n de primeros auxilios a estudiantes y colaboradores, en caso de sufrir alg\u00fan accidente o enfermedad aguda en el establecimiento, o en alguna actividad pedag\u00f3gica externa, siempre cubriendo el horario escolar.<\/p>\n\n\n\n<p><strong>Encargada de Enfermer\u00eda :\u00a0<\/strong>Alicia Manr\u00edquez.\u00a0<\/p>\n\n\n\n<p><strong>Correo:<\/strong>\u00a0<a href=\"mailto:mariateresaorellana@fundacionamb.cl\" target=\"_blank\" rel=\"noreferrer noopener\">aliciamariquez@fundacionamb.cl<\/a><\/p>\n\n\n\n<p><strong>Tel\u00e9fono:\u00a0<\/strong>22 7684043<\/p>\n","protected":false},"excerpt":{"rendered":"<p>La unidad de enfermer\u00eda del Colegio Nuestra Se\u00f1ora de Loreto cuenta con personal profesional del \u00e1rea de la salud, en [&hellip;]<\/p>\n","protected":false},"author":2,"featured_media":0,"parent":0,"menu_order":0,"comment_status":"closed","ping_status":"closed","template":"","meta":{"footnotes":""},"class_list":["post-8623","page","type-page","status-publish","hentry"],"_links":{"self":[{"href":"https:\/\/colegionsloreto.cl\/nsl2024\/wp-json\/wp\/v2\/pages\/8623","targetHints":{"allow":["GET"]}}],"collection":[{"href":"https:\/\/colegionsloreto.cl\/nsl2024\/wp-json\/wp\/v2\/pages"}],"about":[{"href":"https:\/\/colegionsloreto.cl\/nsl2024\/wp-json\/wp\/v2\/types\/page"}],"author":[{"embeddable":true,"href":"https:\/\/colegionsloreto.cl\/nsl2024\/wp-json\/wp\/v2\/users\/2"}],"replies":[{"embeddable":true,"href":"https:\/\/colegionsloreto.cl\/nsl2024\/wp-json\/wp\/v2\/comments?post=8623"}],"version-history":[{"count":4,"href":"https:\/\/colegionsloreto.cl\/nsl2024\/wp-json\/wp\/v2\/pages\/8623\/revisions"}],"predecessor-version":[{"id":8627,"href":"https:\/\/colegionsloreto.cl\/nsl2024\/wp-json\/wp\/v2\/pages\/8623\/revisions\/8627"}],"wp:attachment":[{"href":"https:\/\/colegionsloreto.cl\/nsl2024\/wp-json\/wp\/v2\/media?parent=8623"}],"curies":[{"name":"wp","href":"https:\/\/api.w.org\/{rel}","templated":true}]}}